{"id":3297,"date":"2025-10-06T08:39:56","date_gmt":"2025-10-06T08:39:56","guid":{"rendered":"https:\/\/boostbar.ch\/?page_id=3297"},"modified":"2025-10-06T14:53:34","modified_gmt":"2025-10-06T14:53:34","slug":"informazioni-legali","status":"publish","type":"page","link":"https:\/\/boostinc.lam138.com\/it\/informazioni-legali\/","title":{"rendered":"Informazioni legali"},"content":{"rendered":"<div class=\"wp-block-greenshift-blocks-container alignfull gspb_container gspb_container-gsbp-c4bf558\" id=\"gspb_container-id-gsbp-c4bf558\"><\/div>\n\n\n\n<div style=\"height:100px\" aria-hidden=\"true\" class=\"wp-block-spacer\"><\/div>\n\n\n\n<div class=\"wp-block-greenshift-blocks-row gspb_row gspb_row-id-gsbp-233e74c\" id=\"gspb_row-id-gsbp-233e74c\"><div class=\"gspb_row__content\"> \n<div class=\"wp-block-greenshift-blocks-row-column gspb_row__col--12 gspb_col-id-gsbp-a472cc4\" id=\"gspb_col-id-gsbp-a472cc4\">\n<h1 class=\"wp-block-heading\" id=\"subtitle\">Informazioni legali<\/h1>\n\n\n\n<h2 class=\"wp-block-heading\" id=\"subtitle\">Ambito di applicazione<\/h2>\n\n\n\n<p style=\"margin-bottom:var(--wp--preset--spacing--60);font-size:14px;line-height:2\">Le presenti informazioni e regole d'uso si riferiscono al sito web www.boostbar.ch e ad altri siti web che fanno riferimento a www.boostbar.ch (collettivamente \u201cportale\u201d). Essi sono gestiti dalla persona giuridica indicata nell'impronta del portale (di seguito \u00abgestore\u00bb). Sono espressamente riservate le norme speciali del rispettivo portale e di altri siti web di persone giuridiche di Boostbar AG.<br><br>Le informazioni e le regole di utilizzo possono essere modificate in qualsiasi momento. Le modifiche sono vincolanti.<\/p>\n\n\n\n<h2 class=\"wp-block-heading\" id=\"subtitle\">Propriet\u00e0 intellettuale e altri diritti<\/h2>\n\n\n\n<p style=\"margin-bottom:var(--wp--preset--spacing--60);font-size:14px;line-height:2\">Fatte salve altre disposizioni, il gestore \u00e8 il proprietario del portale. Tutti i marchi, i nomi, i titoli, i loghi, le immagini, i disegni, i testi e gli altri materiali utilizzati appartengono a Boostbar AG o a un suo partner contrattuale. Non si acquisiscono diritti (diritti d'uso, diritti di propriet\u00e0 intellettuale, ecc.) richiamando, scaricando o copiando le pagine. \u00c8 vietata la riproduzione (totale o parziale), la trasmissione (elettronica o con altri mezzi), la modifica, il collegamento o l'utilizzo del portale per scopi pubblici o commerciali senza previa autorizzazione scritta.<\/p>\n\n\n\n<h2 class=\"wp-block-heading\" id=\"subtitle\">Newsletter<\/h2>\n\n\n\n<p style=\"margin-bottom:var(--wp--preset--spacing--60);font-size:14px;line-height:2\">Le newsletter vengono inviate ai clienti solo su loro esplicita richiesta. Gli abbonamenti alle newsletter possono essere cancellati in qualsiasi momento. Le informazioni al riguardo sono riportate nelle relative newsletter.<\/p>\n\n\n\n<h2 class=\"wp-block-heading\" id=\"subtitle\">Dichiarazione di non responsabilit\u00e0<\/h2>\n\n\n\n<p style=\"margin-bottom:var(--wp--preset--spacing--60);font-size:14px;line-height:2\">Il gestore esclude qualsiasi responsabilit\u00e0 (compresa la negligenza) che possa derivare dall'accesso o dall'impossibilit\u00e0 di accedere al portale o a singoli elementi dello stesso e dall'utilizzo. L'accesso al portale e il suo utilizzo, cos\u00ec come il backup o l'archiviazione dei dati trasmessi, non sono garantiti.<br><br>Il portale contiene link a siti web di terzi. Queste pagine non sono gestite o controllate dal gestore. Il gestore declina ogni responsabilit\u00e0 per il contenuto e il rispetto delle norme legali sulla protezione dei dati da parte dei gestori dei siti web collegati.<\/p>\n\n\n\n<h2 class=\"wp-block-heading\" id=\"subtitle\">Trasmissione di dati via Internet<\/h2>\n\n\n\n<p style=\"margin-bottom:var(--wp--preset--spacing--60);font-size:14px;line-height:2\">Internet \u00e8 una rete aperta e accessibile a tutti, pertanto non \u00e8 generalmente considerata un ambiente sicuro. Sebbene i singoli pacchetti di dati siano generalmente trasmessi in forma criptata, ci\u00f2 non vale per il mittente e il destinatario. Inoltre, \u00e8 possibile che i dati vengano trasferiti all'estero e quindi eventualmente in un Paese con un livello di protezione dei dati inferiore a quello svizzero, anche se il mittente e il destinatario si trovano in Svizzera. L'operatore esclude qualsiasi responsabilit\u00e0 per la sicurezza dei dati durante la trasmissione via Internet.<\/p>\n\n\n\n<h2 class=\"wp-block-heading\" id=\"subtitle\">Trattamento dei dati personali<\/h2>\n\n\n\n<p style=\"margin-bottom:var(--wp--preset--spacing--60);font-size:14px;line-height:2\">I dati personali saranno trattati in conformit\u00e0 alla nostra politica sulla privacy.<\/p>\n<\/div>\n <\/div><\/div>","protected":false},"excerpt":{"rendered":"","protected":false},"author":2,"featured_media":0,"parent":0,"menu_order":0,"comment_status":"closed","ping_status":"closed","template":"","meta":{"_gspb_post_css":".gspb_container-id-gsbp-c4bf558{flex-direction:column;box-sizing:border-box}#gspb_container-id-gsbp-c4bf558.gspb_container>p:last-of-type{margin-bottom:0}#gspb_container-id-gsbp-c4bf558.gspb_container{position:relative;background-color:var(--wp--preset--color--palette-color-3, var(--theme-palette-color-3, #1f644f));height:95px}#gspb_row-id-gsbp-233e74c{justify-content:space-between;margin-top:0;margin-bottom:0;display:flex;flex-wrap:wrap}#gspb_row-id-gsbp-233e74c>.gspb_row__content{display:flex;margin:0 auto;width:100%;flex-wrap:wrap;justify-content:center}.gspb_row{position:relative}div[id^=gspb_col-id]{box-sizing:border-box;position:relative;padding:var(--gs-row-column-padding, 15px min(3vw, 20px))}body.gspb-bodyfront #gspb_row-id-gsbp-233e74c>.gspb_row__content{width:var(--theme-container-width, 1200px);max-width:var(--theme-normal-container-max-width, 1200px)}#gspb_col-id-gsbp-a472cc4.gspb_row__col--12{width:100%}@media (max-width:575.98px){#gspb_col-id-gsbp-a472cc4.gspb_row__col--12{width:100%}}body.gspb-bodyfront #gspb_col-id-gsbp-a472cc4.gspb_row__col--12{max-width:640px}","content-type":"","footnotes":""},"class_list":["post-3297","page","type-page","status-publish","hentry"],"blocksy_meta":[],"yoast_head":"<!-- This site is optimized with the Yoast SEO plugin v26.0 - https:\/\/yoast.com\/wordpress\/plugins\/seo\/ -->\n<title>Legal information - Boostbar<\/title>\n<meta name=\"robots\" content=\"index, follow, max-snippet:-1, max-image-preview:large, max-video-preview:-1\" \/>\n<link rel=\"canonical\" href=\"https:\/\/boostinc.lam138.com\/it\/informazioni-legali\/\" \/>\n<meta property=\"og:locale\" content=\"it_IT\" \/>\n<meta property=\"og:type\" content=\"article\" \/>\n<meta property=\"og:title\" content=\"Legal information - Boostbar\" \/>\n<meta property=\"og:url\" content=\"https:\/\/boostinc.lam138.com\/it\/informazioni-legali\/\" \/>\n<meta property=\"og:site_name\" content=\"Boostbar\" \/>\n<meta property=\"article:modified_time\" content=\"2025-10-06T14:53:34+00:00\" \/>\n<meta name=\"twitter:card\" content=\"summary_large_image\" \/>\n<meta name=\"twitter:label1\" content=\"Tempo di lettura stimato\" \/>\n\t<meta name=\"twitter:data1\" content=\"2 minuti\" \/>\n<script type=\"application\/ld+json\" class=\"yoast-schema-graph\">{\"@context\":\"https:\/\/schema.org\",\"@graph\":[{\"@type\":\"WebPage\",\"@id\":\"https:\/\/boostinc.lam138.com\/en\/legal-information\/\",\"url\":\"https:\/\/boostinc.lam138.com\/en\/legal-information\/\",\"name\":\"Legal information - Boostbar\",\"isPartOf\":{\"@id\":\"https:\/\/boostbar.ch\/#website\"},\"datePublished\":\"2025-10-06T08:39:56+00:00\",\"dateModified\":\"2025-10-06T14:53:34+00:00\",\"breadcrumb\":{\"@id\":\"https:\/\/boostinc.lam138.com\/en\/legal-information\/#breadcrumb\"},\"inLanguage\":\"it-IT\",\"potentialAction\":[{\"@type\":\"ReadAction\",\"target\":[\"https:\/\/boostinc.lam138.com\/en\/legal-information\/\"]}]},{\"@type\":\"BreadcrumbList\",\"@id\":\"https:\/\/boostinc.lam138.com\/en\/legal-information\/#breadcrumb\",\"itemListElement\":[{\"@type\":\"ListItem\",\"position\":1,\"name\":\"Home\",\"item\":\"https:\/\/boostbar.ch\/\"},{\"@type\":\"ListItem\",\"position\":2,\"name\":\"Legal information\"}]},{\"@type\":\"WebSite\",\"@id\":\"https:\/\/boostbar.ch\/#website\",\"url\":\"https:\/\/boostbar.ch\/\",\"name\":\"Boostbar\",\"description\":\"Kaffee &amp; Verpflegung. F\u00fcr alle. Jederzeit.\",\"publisher\":{\"@id\":\"https:\/\/boostbar.ch\/#organization\"},\"potentialAction\":[{\"@type\":\"SearchAction\",\"target\":{\"@type\":\"EntryPoint\",\"urlTemplate\":\"https:\/\/boostbar.ch\/?s={search_term_string}\"},\"query-input\":{\"@type\":\"PropertyValueSpecification\",\"valueRequired\":true,\"valueName\":\"search_term_string\"}}],\"inLanguage\":\"it-IT\"},{\"@type\":\"Organization\",\"@id\":\"https:\/\/boostbar.ch\/#organization\",\"name\":\"Boostbar\",\"url\":\"https:\/\/boostbar.ch\/\",\"logo\":{\"@type\":\"ImageObject\",\"inLanguage\":\"it-IT\",\"@id\":\"https:\/\/boostbar.ch\/#\/schema\/logo\/image\/\",\"url\":\"https:\/\/boostinc.lam138.com\/wp-content\/uploads\/2025\/08\/logoTextLight.svg?wsr\",\"contentUrl\":\"https:\/\/boostinc.lam138.com\/wp-content\/uploads\/2025\/08\/logoTextLight.svg?wsr\",\"width\":116,\"height\":21,\"caption\":\"Boostbar\"},\"image\":{\"@id\":\"https:\/\/boostbar.ch\/#\/schema\/logo\/image\/\"}}]}<\/script>\n<!-- \/ Yoast SEO plugin. -->","yoast_head_json":{"title":"Informazioni legali - Boostbar","robots":{"index":"index","follow":"follow","max-snippet":"max-snippet:-1","max-image-preview":"max-image-preview:large","max-video-preview":"max-video-preview:-1"},"canonical":"https:\/\/boostinc.lam138.com\/it\/informazioni-legali\/","og_locale":"it_IT","og_type":"article","og_title":"Legal information - Boostbar","og_url":"https:\/\/boostinc.lam138.com\/it\/informazioni-legali\/","og_site_name":"Boostbar","article_modified_time":"2025-10-06T14:53:34+00:00","twitter_card":"summary_large_image","twitter_misc":{"Tempo di lettura stimato":"2 minuti"},"schema":{"@context":"https:\/\/schema.org","@graph":[{"@type":"WebPage","@id":"https:\/\/boostinc.lam138.com\/en\/legal-information\/","url":"https:\/\/boostinc.lam138.com\/en\/legal-information\/","name":"Informazioni legali - Boostbar","isPartOf":{"@id":"https:\/\/boostbar.ch\/#website"},"datePublished":"2025-10-06T08:39:56+00:00","dateModified":"2025-10-06T14:53:34+00:00","breadcrumb":{"@id":"https:\/\/boostinc.lam138.com\/en\/legal-information\/#breadcrumb"},"inLanguage":"it-IT","potentialAction":[{"@type":"ReadAction","target":["https:\/\/boostinc.lam138.com\/en\/legal-information\/"]}]},{"@type":"BreadcrumbList","@id":"https:\/\/boostinc.lam138.com\/en\/legal-information\/#breadcrumb","itemListElement":[{"@type":"ListItem","position":1,"name":"Home","item":"https:\/\/boostbar.ch\/"},{"@type":"ListItem","position":2,"name":"Legal information"}]},{"@type":"WebSite","@id":"https:\/\/boostbar.ch\/#website","url":"https:\/\/boostbar.ch\/","name":"Boostbar","description":"Caff\u00e8 e ristorazione. Per tutti. In qualsiasi momento.","publisher":{"@id":"https:\/\/boostbar.ch\/#organization"},"potentialAction":[{"@type":"SearchAction","target":{"@type":"EntryPoint","urlTemplate":"https:\/\/boostbar.ch\/?s={search_term_string}"},"query-input":{"@type":"PropertyValueSpecification","valueRequired":true,"valueName":"search_term_string"}}],"inLanguage":"it-IT"},{"@type":"Organization","@id":"https:\/\/boostbar.ch\/#organization","name":"Boostbar","url":"https:\/\/boostbar.ch\/","logo":{"@type":"ImageObject","inLanguage":"it-IT","@id":"https:\/\/boostbar.ch\/#\/schema\/logo\/image\/","url":"https:\/\/boostinc.lam138.com\/wp-content\/uploads\/2025\/08\/logoTextLight.svg?wsr","contentUrl":"https:\/\/boostinc.lam138.com\/wp-content\/uploads\/2025\/08\/logoTextLight.svg?wsr","width":116,"height":21,"caption":"Boostbar"},"image":{"@id":"https:\/\/boostbar.ch\/#\/schema\/logo\/image\/"}}]}},"_links":{"self":[{"href":"https:\/\/boostinc.lam138.com\/it\/wp-json\/wp\/v2\/pages\/3297","targetHints":{"allow":["GET"]}}],"collection":[{"href":"https:\/\/boostinc.lam138.com\/it\/wp-json\/wp\/v2\/pages"}],"about":[{"href":"https:\/\/boostinc.lam138.com\/it\/wp-json\/wp\/v2\/types\/page"}],"author":[{"embeddable":true,"href":"https:\/\/boostinc.lam138.com\/it\/wp-json\/wp\/v2\/users\/2"}],"replies":[{"embeddable":true,"href":"https:\/\/boostinc.lam138.com\/it\/wp-json\/wp\/v2\/comments?post=3297"}],"version-history":[{"count":4,"href":"https:\/\/boostinc.lam138.com\/it\/wp-json\/wp\/v2\/pages\/3297\/revisions"}],"predecessor-version":[{"id":3363,"href":"https:\/\/boostinc.lam138.com\/it\/wp-json\/wp\/v2\/pages\/3297\/revisions\/3363"}],"wp:attachment":[{"href":"https:\/\/boostinc.lam138.com\/it\/wp-json\/wp\/v2\/media?parent=3297"}],"curies":[{"name":"wp","href":"https:\/\/api.w.org\/{rel}","templated":true}]}}