{"id":2327,"date":"2025-09-18T15:31:33","date_gmt":"2025-09-18T15:31:33","guid":{"rendered":"https:\/\/boostinc.lam138.com\/?page_id=2327"},"modified":"2025-10-09T14:28:41","modified_gmt":"2025-10-09T14:28:41","slug":"impronta","status":"publish","type":"page","link":"https:\/\/boostinc.lam138.com\/it\/impronta\/","title":{"rendered":"Impronta"},"content":{"rendered":"<div class=\"wp-block-greenshift-blocks-container alignfull gspb_container gspb_container-gsbp-c4bf558\" id=\"gspb_container-id-gsbp-c4bf558\"><\/div>\n\n\n\n<div style=\"height:100px\" aria-hidden=\"true\" class=\"wp-block-spacer\"><\/div>\n\n\n\n<div class=\"wp-block-greenshift-blocks-row gspb_row gspb_row-id-gsbp-bc68782\" id=\"gspb_row-id-gsbp-bc68782\"><div class=\"gspb_row__content\"> \n<div class=\"wp-block-greenshift-blocks-row-column gspb_row__col--12 gspb_col-id-gsbp-c7ad5fc\" id=\"gspb_col-id-gsbp-c7ad5fc\">\n<h1 class=\"wp-block-heading\" id=\"subtitle\">Impronta<\/h1>\n\n\n\n<h2 class=\"wp-block-heading\" id=\"subtitle\">Boostbar AG<br>Uetlibergstrasse 185<br>8045 Zurigo<br>Svizzera<\/h2>\n\n\n\n<p style=\"margin-bottom:var(--wp--preset--spacing--60);font-size:14px;line-height:2\">T: +41 44 545 27 45<br>E-mail: hello@boostbar.ch<br>Supporto: support@boostbar.ch<\/p>\n\n\n\n<p style=\"margin-bottom:var(--wp--preset--spacing--60);font-size:14px;line-height:2\">Sede legale della societ\u00e0: Zurigo, Svizzera.<br>Iscritta al Registro delle Imprese del Cantone di Zurigo con il numero CHE-366.956.847 IVA.<\/p>\n\n\n\n<h2 class=\"wp-block-heading\" id=\"subtitle\">Esclusione di responsabilit\u00e0 per i contenuti<\/h2>\n\n\n\n<p style=\"margin-bottom:var(--wp--preset--spacing--60);font-size:14px;line-height:2\">Boostbar AG compie ogni ragionevole sforzo per fornire informazioni aggiornate, corrette e complete su questo sito web. Boostbar AG si riserva il diritto di apportare modifiche o aggiunte alle informazioni fornite in qualsiasi momento e senza preavviso, ma non si assume alcuna responsabilit\u00e0 per il loro aggiornamento.<\/p>\n\n\n\n<p style=\"margin-bottom:var(--wp--preset--spacing--60);font-size:14px;line-height:2\">Boostbar AG non si assume alcuna garanzia o responsabilit\u00e0, implicita o esplicita, per l'attualit\u00e0, la correttezza, la qualit\u00e0 o la completezza delle informazioni fornite su questo sito.<\/p>\n\n\n\n<p style=\"margin-bottom:var(--wp--preset--spacing--60);font-size:14px;line-height:2\">Inoltre, la responsabilit\u00e0 \u00e8 esclusa in particolare per la perdita o la falsificazione dei dati, i malfunzionamenti, gli attacchi di virus, i trojan, l'interruzione delle operazioni, l'uso improprio da parte di terzi o la perdita di programmi nei vostri sistemi informatici, ecc. L'accesso ai siti web di Boostbar AG avviene a rischio e sotto la responsabilit\u00e0 dell'utente.<\/p>\n\n\n\n<h2 class=\"wp-block-heading\" id=\"subtitle\">Copyright<\/h2>\n\n\n\n<p style=\"margin-bottom:var(--wp--preset--spacing--60);font-size:14px;line-height:2\">I contenuti pubblicati su questo sito web (testi, grafica, immagini, ecc.) sono protetti da copyright. La riproduzione, la distribuzione, la pubblicazione, la modifica, la messa a disposizione di terzi o la modifica di tutti i contenuti e degli elementi strutturali, in particolare testi, estratti di testo, immagini, grafici, programmi ed elementi di design, richiede l'espressa autorizzazione scritta di Boostbar AG. Ci\u00f2 include in particolare il trasferimento ad altri siti web.&nbsp;<\/p>\n\n\n\n<p style=\"margin-bottom:var(--wp--preset--spacing--60);font-size:14px;line-height:2\">Eventuali violazioni possono essere perseguite civilmente e penalmente.<\/p>\n<\/div>\n <\/div><\/div>","protected":false},"excerpt":{"rendered":"","protected":false},"author":2,"featured_media":0,"parent":0,"menu_order":0,"comment_status":"closed","ping_status":"closed","template":"","meta":{"_gspb_post_css":".gspb_container-id-gsbp-c4bf558{flex-direction:column;box-sizing:border-box}#gspb_container-id-gsbp-c4bf558.gspb_container>p:last-of-type{margin-bottom:0}#gspb_container-id-gsbp-c4bf558.gspb_container{position:relative;background-color:var(--wp--preset--color--palette-color-3, var(--theme-palette-color-3, #1f644f));height:95px}#gspb_row-id-gsbp-bc68782{justify-content:space-between;margin-top:0;margin-bottom:0;display:flex;flex-wrap:wrap}#gspb_row-id-gsbp-bc68782>.gspb_row__content{display:flex;margin:0 auto;width:100%;flex-wrap:wrap;justify-content:center}.gspb_row{position:relative}div[id^=gspb_col-id]{box-sizing:border-box;position:relative;padding:var(--gs-row-column-padding, 15px min(3vw, 20px))}body.gspb-bodyfront #gspb_row-id-gsbp-bc68782>.gspb_row__content{width:var(--theme-container-width, 1200px);max-width:var(--theme-normal-container-max-width, 1200px)}#gspb_col-id-gsbp-c7ad5fc.gspb_row__col--12{width:100%}@media (max-width:575.98px){#gspb_col-id-gsbp-c7ad5fc.gspb_row__col--12{width:100%}}body.gspb-bodyfront #gspb_col-id-gsbp-c7ad5fc.gspb_row__col--12{max-width:640px}","content-type":"","footnotes":""},"class_list":["post-2327","page","type-page","status-publish","hentry"],"blocksy_meta":[],"yoast_head":"<!-- This site is optimized with the Yoast SEO plugin v26.0 - https:\/\/yoast.com\/wordpress\/plugins\/seo\/ -->\n<title>Impressum - Boostbar<\/title>\n<meta name=\"robots\" content=\"index, follow, max-snippet:-1, max-image-preview:large, max-video-preview:-1\" \/>\n<link rel=\"canonical\" href=\"https:\/\/boostbar.ch\/impressum\/\" \/>\n<meta property=\"og:locale\" content=\"it_IT\" \/>\n<meta property=\"og:type\" content=\"article\" \/>\n<meta property=\"og:title\" content=\"Impressum - Boostbar\" \/>\n<meta property=\"og:url\" content=\"https:\/\/boostbar.ch\/impressum\/\" \/>\n<meta property=\"og:site_name\" content=\"Boostbar\" \/>\n<meta property=\"article:modified_time\" content=\"2025-10-09T14:28:41+00:00\" \/>\n<meta name=\"twitter:card\" content=\"summary_large_image\" \/>\n<meta name=\"twitter:label1\" content=\"Tempo di lettura stimato\" \/>\n\t<meta name=\"twitter:data1\" content=\"1 minuto\" \/>\n<script type=\"application\/ld+json\" class=\"yoast-schema-graph\">{\"@context\":\"https:\/\/schema.org\",\"@graph\":[{\"@type\":\"WebPage\",\"@id\":\"https:\/\/boostbar.ch\/impressum\/\",\"url\":\"https:\/\/boostbar.ch\/impressum\/\",\"name\":\"Impressum - Boostbar\",\"isPartOf\":{\"@id\":\"https:\/\/boostbar.ch\/#website\"},\"datePublished\":\"2025-09-18T15:31:33+00:00\",\"dateModified\":\"2025-10-09T14:28:41+00:00\",\"breadcrumb\":{\"@id\":\"https:\/\/boostbar.ch\/impressum\/#breadcrumb\"},\"inLanguage\":\"it-IT\",\"potentialAction\":[{\"@type\":\"ReadAction\",\"target\":[\"https:\/\/boostbar.ch\/impressum\/\"]}]},{\"@type\":\"BreadcrumbList\",\"@id\":\"https:\/\/boostbar.ch\/impressum\/#breadcrumb\",\"itemListElement\":[{\"@type\":\"ListItem\",\"position\":1,\"name\":\"Home\",\"item\":\"https:\/\/boostbar.ch\/\"},{\"@type\":\"ListItem\",\"position\":2,\"name\":\"Impressum\"}]},{\"@type\":\"WebSite\",\"@id\":\"https:\/\/boostbar.ch\/#website\",\"url\":\"https:\/\/boostbar.ch\/\",\"name\":\"Boostbar\",\"description\":\"Kaffee &amp; Verpflegung. F\u00fcr alle. Jederzeit.\",\"publisher\":{\"@id\":\"https:\/\/boostbar.ch\/#organization\"},\"potentialAction\":[{\"@type\":\"SearchAction\",\"target\":{\"@type\":\"EntryPoint\",\"urlTemplate\":\"https:\/\/boostbar.ch\/?s={search_term_string}\"},\"query-input\":{\"@type\":\"PropertyValueSpecification\",\"valueRequired\":true,\"valueName\":\"search_term_string\"}}],\"inLanguage\":\"it-IT\"},{\"@type\":\"Organization\",\"@id\":\"https:\/\/boostbar.ch\/#organization\",\"name\":\"Boostbar\",\"url\":\"https:\/\/boostbar.ch\/\",\"logo\":{\"@type\":\"ImageObject\",\"inLanguage\":\"it-IT\",\"@id\":\"https:\/\/boostbar.ch\/#\/schema\/logo\/image\/\",\"url\":\"https:\/\/boostinc.lam138.com\/wp-content\/uploads\/2025\/08\/logoTextLight.svg?wsr\",\"contentUrl\":\"https:\/\/boostinc.lam138.com\/wp-content\/uploads\/2025\/08\/logoTextLight.svg?wsr\",\"width\":116,\"height\":21,\"caption\":\"Boostbar\"},\"image\":{\"@id\":\"https:\/\/boostbar.ch\/#\/schema\/logo\/image\/\"}}]}<\/script>\n<!-- \/ Yoast SEO plugin. -->","yoast_head_json":{"title":"Impronta - Boostbar","robots":{"index":"index","follow":"follow","max-snippet":"max-snippet:-1","max-image-preview":"max-image-preview:large","max-video-preview":"max-video-preview:-1"},"canonical":"https:\/\/boostbar.ch\/impressum\/","og_locale":"it_IT","og_type":"article","og_title":"Impressum - Boostbar","og_url":"https:\/\/boostbar.ch\/impressum\/","og_site_name":"Boostbar","article_modified_time":"2025-10-09T14:28:41+00:00","twitter_card":"summary_large_image","twitter_misc":{"Tempo di lettura stimato":"1 minuto"},"schema":{"@context":"https:\/\/schema.org","@graph":[{"@type":"WebPage","@id":"https:\/\/boostbar.ch\/impressum\/","url":"https:\/\/boostbar.ch\/impressum\/","name":"Impronta - Boostbar","isPartOf":{"@id":"https:\/\/boostbar.ch\/#website"},"datePublished":"2025-09-18T15:31:33+00:00","dateModified":"2025-10-09T14:28:41+00:00","breadcrumb":{"@id":"https:\/\/boostbar.ch\/impressum\/#breadcrumb"},"inLanguage":"it-IT","potentialAction":[{"@type":"ReadAction","target":["https:\/\/boostbar.ch\/impressum\/"]}]},{"@type":"BreadcrumbList","@id":"https:\/\/boostbar.ch\/impressum\/#breadcrumb","itemListElement":[{"@type":"ListItem","position":1,"name":"Home","item":"https:\/\/boostbar.ch\/"},{"@type":"ListItem","position":2,"name":"Impressum"}]},{"@type":"WebSite","@id":"https:\/\/boostbar.ch\/#website","url":"https:\/\/boostbar.ch\/","name":"Boostbar","description":"Caff\u00e8 e ristorazione. Per tutti. In qualsiasi momento.","publisher":{"@id":"https:\/\/boostbar.ch\/#organization"},"potentialAction":[{"@type":"SearchAction","target":{"@type":"EntryPoint","urlTemplate":"https:\/\/boostbar.ch\/?s={search_term_string}"},"query-input":{"@type":"PropertyValueSpecification","valueRequired":true,"valueName":"search_term_string"}}],"inLanguage":"it-IT"},{"@type":"Organization","@id":"https:\/\/boostbar.ch\/#organization","name":"Boostbar","url":"https:\/\/boostbar.ch\/","logo":{"@type":"ImageObject","inLanguage":"it-IT","@id":"https:\/\/boostbar.ch\/#\/schema\/logo\/image\/","url":"https:\/\/boostinc.lam138.com\/wp-content\/uploads\/2025\/08\/logoTextLight.svg?wsr","contentUrl":"https:\/\/boostinc.lam138.com\/wp-content\/uploads\/2025\/08\/logoTextLight.svg?wsr","width":116,"height":21,"caption":"Boostbar"},"image":{"@id":"https:\/\/boostbar.ch\/#\/schema\/logo\/image\/"}}]}},"_links":{"self":[{"href":"https:\/\/boostinc.lam138.com\/it\/wp-json\/wp\/v2\/pages\/2327","targetHints":{"allow":["GET"]}}],"collection":[{"href":"https:\/\/boostinc.lam138.com\/it\/wp-json\/wp\/v2\/pages"}],"about":[{"href":"https:\/\/boostinc.lam138.com\/it\/wp-json\/wp\/v2\/types\/page"}],"author":[{"embeddable":true,"href":"https:\/\/boostinc.lam138.com\/it\/wp-json\/wp\/v2\/users\/2"}],"replies":[{"embeddable":true,"href":"https:\/\/boostinc.lam138.com\/it\/wp-json\/wp\/v2\/comments?post=2327"}],"version-history":[{"count":10,"href":"https:\/\/boostinc.lam138.com\/it\/wp-json\/wp\/v2\/pages\/2327\/revisions"}],"predecessor-version":[{"id":3391,"href":"https:\/\/boostinc.lam138.com\/it\/wp-json\/wp\/v2\/pages\/2327\/revisions\/3391"}],"wp:attachment":[{"href":"https:\/\/boostinc.lam138.com\/it\/wp-json\/wp\/v2\/media?parent=2327"}],"curies":[{"name":"wp","href":"https:\/\/api.w.org\/{rel}","templated":true}]}}