{"id":2327,"date":"2025-09-18T15:31:33","date_gmt":"2025-09-18T15:31:33","guid":{"rendered":"https:\/\/boostinc.lam138.com\/?page_id=2327"},"modified":"2025-10-09T14:28:41","modified_gmt":"2025-10-09T14:28:41","slug":"mentions-legales","status":"publish","type":"page","link":"https:\/\/boostinc.lam138.com\/fr\/mentions-legales\/","title":{"rendered":"Mentions l\u00e9gales"},"content":{"rendered":"<div class=\"wp-block-greenshift-blocks-container alignfull gspb_container gspb_container-gsbp-c4bf558\" id=\"gspb_container-id-gsbp-c4bf558\"><\/div>\n\n\n\n<div style=\"height:100px\" aria-hidden=\"true\" class=\"wp-block-spacer\"><\/div>\n\n\n\n<div class=\"wp-block-greenshift-blocks-row gspb_row gspb_row-id-gsbp-bc68782\" id=\"gspb_row-id-gsbp-bc68782\"><div class=\"gspb_row__content\"> \n<div class=\"wp-block-greenshift-blocks-row-column gspb_row__col--12 gspb_col-id-gsbp-c7ad5fc\" id=\"gspb_col-id-gsbp-c7ad5fc\">\n<h1 class=\"wp-block-heading\" id=\"subtitle\">Mentions l\u00e9gales<\/h1>\n\n\n\n<h2 class=\"wp-block-heading\" id=\"subtitle\">Boostbar AG<br>185, rue de l'Uetliberg<br>8045 Zurich<br>Suisse<\/h2>\n\n\n\n<p style=\"margin-bottom:var(--wp--preset--spacing--60);font-size:14px;line-height:2\">T : +41 44 545 27 45<br>Courrier \u00e9lectronique : hello@boostbar.ch<br>Support : support@boostbar.ch<\/p>\n\n\n\n<p style=\"margin-bottom:var(--wp--preset--spacing--60);font-size:14px;line-height:2\">Si\u00e8ge juridique de l'entreprise : Zurich, Suisse.<br>Inscrite au registre du commerce du canton de Zurich sous le num\u00e9ro CHE-366.956.847 TVA.<\/p>\n\n\n\n<h2 class=\"wp-block-heading\" id=\"subtitle\">Clause de non-responsabilit\u00e9 concernant le contenu<\/h2>\n\n\n\n<p style=\"margin-bottom:var(--wp--preset--spacing--60);font-size:14px;line-height:2\">Boostbar AG s'efforce, dans la mesure du possible, de mettre \u00e0 disposition sur ce site des informations actuelles, correctes et compl\u00e8tes. Boostbar AG se r\u00e9serve le droit de modifier ou de compl\u00e9ter \u00e0 tout moment et sans pr\u00e9avis les informations mises \u00e0 disposition, mais n'assume aucune responsabilit\u00e9 quant \u00e0 leur actualisation.<\/p>\n\n\n\n<p style=\"margin-bottom:var(--wp--preset--spacing--60);font-size:14px;line-height:2\">Boostbar AG n'assume, ni implicitement ni explicitement, aucune garantie ou responsabilit\u00e9 quant \u00e0 l'actualit\u00e9, l'exactitude, la qualit\u00e9 ou l'exhaustivit\u00e9 des informations mises \u00e0 disposition sur ce site.<\/p>\n\n\n\n<p style=\"margin-bottom:var(--wp--preset--spacing--60);font-size:14px;line-height:2\">Toute responsabilit\u00e9 est en outre exclue, notamment en cas de perte ou de falsification de donn\u00e9es, de dysfonctionnements, de virus, de chevaux de Troie, d'interruption d'exploitation, d'abus par des tiers ou de perte de programmes dans vos syst\u00e8mes d'information, etc. L'acc\u00e8s aux sites web de Boostbar AG se fait \u00e0 vos propres risques et sous votre propre responsabilit\u00e9.<\/p>\n\n\n\n<h2 class=\"wp-block-heading\" id=\"subtitle\">Droit d'auteur<\/h2>\n\n\n\n<p style=\"margin-bottom:var(--wp--preset--spacing--60);font-size:14px;line-height:2\">Les contenus publi\u00e9s sur ce site web (textes, graphiques, images, etc.) sont prot\u00e9g\u00e9s par des droits d'auteur. La reproduction, la diffusion, la publication, la modification, la mise \u00e0 disposition de tiers ou le traitement de l'ensemble des contenus et des \u00e9l\u00e9ments structurels, en particulier les textes, parties de textes, images, graphiques, programmes et \u00e9l\u00e9ments de design, n\u00e9cessitent l'accord \u00e9crit pr\u00e9alable de Boostbar AG. Cela comprend notamment la reprise sur d'autres sites web.&nbsp;<\/p>\n\n\n\n<p style=\"margin-bottom:var(--wp--preset--spacing--60);font-size:14px;line-height:2\">Les \u00e9ventuelles infractions peuvent faire l'objet de poursuites civiles et p\u00e9nales.<\/p>\n<\/div>\n <\/div><\/div>","protected":false},"excerpt":{"rendered":"","protected":false},"author":2,"featured_media":0,"parent":0,"menu_order":0,"comment_status":"closed","ping_status":"closed","template":"","meta":{"_gspb_post_css":".gspb_container-id-gsbp-c4bf558{flex-direction:column;box-sizing:border-box}#gspb_container-id-gsbp-c4bf558.gspb_container>p:last-of-type{margin-bottom:0}#gspb_container-id-gsbp-c4bf558.gspb_container{position:relative;background-color:var(--wp--preset--color--palette-color-3, var(--theme-palette-color-3, #1f644f));height:95px}#gspb_row-id-gsbp-bc68782{justify-content:space-between;margin-top:0;margin-bottom:0;display:flex;flex-wrap:wrap}#gspb_row-id-gsbp-bc68782>.gspb_row__content{display:flex;margin:0 auto;width:100%;flex-wrap:wrap;justify-content:center}.gspb_row{position:relative}div[id^=gspb_col-id]{box-sizing:border-box;position:relative;padding:var(--gs-row-column-padding, 15px min(3vw, 20px))}body.gspb-bodyfront #gspb_row-id-gsbp-bc68782>.gspb_row__content{width:var(--theme-container-width, 1200px);max-width:var(--theme-normal-container-max-width, 1200px)}#gspb_col-id-gsbp-c7ad5fc.gspb_row__col--12{width:100%}@media (max-width:575.98px){#gspb_col-id-gsbp-c7ad5fc.gspb_row__col--12{width:100%}}body.gspb-bodyfront #gspb_col-id-gsbp-c7ad5fc.gspb_row__col--12{max-width:640px}","content-type":"","footnotes":""},"class_list":["post-2327","page","type-page","status-publish","hentry"],"blocksy_meta":[],"yoast_head":"<!-- This site is optimized with the Yoast SEO plugin v26.0 - https:\/\/yoast.com\/wordpress\/plugins\/seo\/ -->\n<title>Impressum - Boostbar<\/title>\n<meta name=\"robots\" content=\"index, follow, max-snippet:-1, max-image-preview:large, max-video-preview:-1\" \/>\n<link rel=\"canonical\" href=\"https:\/\/boostbar.ch\/impressum\/\" \/>\n<meta property=\"og:locale\" content=\"fr_FR\" \/>\n<meta property=\"og:type\" content=\"article\" \/>\n<meta property=\"og:title\" content=\"Impressum - Boostbar\" \/>\n<meta property=\"og:url\" content=\"https:\/\/boostbar.ch\/impressum\/\" \/>\n<meta property=\"og:site_name\" content=\"Boostbar\" \/>\n<meta property=\"article:modified_time\" content=\"2025-10-09T14:28:41+00:00\" \/>\n<meta name=\"twitter:card\" content=\"summary_large_image\" \/>\n<meta name=\"twitter:label1\" content=\"Dur\u00e9e de lecture estim\u00e9e\" \/>\n\t<meta name=\"twitter:data1\" content=\"1 minute\" \/>\n<script type=\"application\/ld+json\" class=\"yoast-schema-graph\">{\"@context\":\"https:\/\/schema.org\",\"@graph\":[{\"@type\":\"WebPage\",\"@id\":\"https:\/\/boostbar.ch\/impressum\/\",\"url\":\"https:\/\/boostbar.ch\/impressum\/\",\"name\":\"Impressum - Boostbar\",\"isPartOf\":{\"@id\":\"https:\/\/boostbar.ch\/#website\"},\"datePublished\":\"2025-09-18T15:31:33+00:00\",\"dateModified\":\"2025-10-09T14:28:41+00:00\",\"breadcrumb\":{\"@id\":\"https:\/\/boostbar.ch\/impressum\/#breadcrumb\"},\"inLanguage\":\"fr-FR\",\"potentialAction\":[{\"@type\":\"ReadAction\",\"target\":[\"https:\/\/boostbar.ch\/impressum\/\"]}]},{\"@type\":\"BreadcrumbList\",\"@id\":\"https:\/\/boostbar.ch\/impressum\/#breadcrumb\",\"itemListElement\":[{\"@type\":\"ListItem\",\"position\":1,\"name\":\"Home\",\"item\":\"https:\/\/boostbar.ch\/\"},{\"@type\":\"ListItem\",\"position\":2,\"name\":\"Impressum\"}]},{\"@type\":\"WebSite\",\"@id\":\"https:\/\/boostbar.ch\/#website\",\"url\":\"https:\/\/boostbar.ch\/\",\"name\":\"Boostbar\",\"description\":\"Kaffee &amp; Verpflegung. F\u00fcr alle. Jederzeit.\",\"publisher\":{\"@id\":\"https:\/\/boostbar.ch\/#organization\"},\"potentialAction\":[{\"@type\":\"SearchAction\",\"target\":{\"@type\":\"EntryPoint\",\"urlTemplate\":\"https:\/\/boostbar.ch\/?s={search_term_string}\"},\"query-input\":{\"@type\":\"PropertyValueSpecification\",\"valueRequired\":true,\"valueName\":\"search_term_string\"}}],\"inLanguage\":\"fr-FR\"},{\"@type\":\"Organization\",\"@id\":\"https:\/\/boostbar.ch\/#organization\",\"name\":\"Boostbar\",\"url\":\"https:\/\/boostbar.ch\/\",\"logo\":{\"@type\":\"ImageObject\",\"inLanguage\":\"fr-FR\",\"@id\":\"https:\/\/boostbar.ch\/#\/schema\/logo\/image\/\",\"url\":\"https:\/\/boostinc.lam138.com\/wp-content\/uploads\/2025\/08\/logoTextLight.svg?wsr\",\"contentUrl\":\"https:\/\/boostinc.lam138.com\/wp-content\/uploads\/2025\/08\/logoTextLight.svg?wsr\",\"width\":116,\"height\":21,\"caption\":\"Boostbar\"},\"image\":{\"@id\":\"https:\/\/boostbar.ch\/#\/schema\/logo\/image\/\"}}]}<\/script>\n<!-- \/ Yoast SEO plugin. -->","yoast_head_json":{"title":"Mentions l\u00e9gales - Boostbar","robots":{"index":"index","follow":"follow","max-snippet":"max-snippet:-1","max-image-preview":"max-image-preview:large","max-video-preview":"max-video-preview:-1"},"canonical":"https:\/\/boostbar.ch\/impressum\/","og_locale":"fr_FR","og_type":"article","og_title":"Impressum - Boostbar","og_url":"https:\/\/boostbar.ch\/impressum\/","og_site_name":"Boostbar","article_modified_time":"2025-10-09T14:28:41+00:00","twitter_card":"summary_large_image","twitter_misc":{"Dur\u00e9e de lecture estim\u00e9e":"1 minute"},"schema":{"@context":"https:\/\/schema.org","@graph":[{"@type":"WebPage","@id":"https:\/\/boostbar.ch\/impressum\/","url":"https:\/\/boostbar.ch\/impressum\/","name":"Mentions l\u00e9gales - Boostbar","isPartOf":{"@id":"https:\/\/boostbar.ch\/#website"},"datePublished":"2025-09-18T15:31:33+00:00","dateModified":"2025-10-09T14:28:41+00:00","breadcrumb":{"@id":"https:\/\/boostbar.ch\/impressum\/#breadcrumb"},"inLanguage":"fr-FR","potentialAction":[{"@type":"ReadAction","target":["https:\/\/boostbar.ch\/impressum\/"]}]},{"@type":"BreadcrumbList","@id":"https:\/\/boostbar.ch\/impressum\/#breadcrumb","itemListElement":[{"@type":"ListItem","position":1,"name":"Home","item":"https:\/\/boostbar.ch\/"},{"@type":"ListItem","position":2,"name":"Impressum"}]},{"@type":"WebSite","@id":"https:\/\/boostbar.ch\/#website","url":"https:\/\/boostbar.ch\/","name":"Boostbar","description":"Caf\u00e9 et restauration. Pour tous. A tout moment.","publisher":{"@id":"https:\/\/boostbar.ch\/#organization"},"potentialAction":[{"@type":"SearchAction","target":{"@type":"EntryPoint","urlTemplate":"https:\/\/boostbar.ch\/?s={search_term_string}"},"query-input":{"@type":"PropertyValueSpecification","valueRequired":true,"valueName":"search_term_string"}}],"inLanguage":"fr-FR"},{"@type":"Organization","@id":"https:\/\/boostbar.ch\/#organization","name":"Boostbar","url":"https:\/\/boostbar.ch\/","logo":{"@type":"ImageObject","inLanguage":"fr-FR","@id":"https:\/\/boostbar.ch\/#\/schema\/logo\/image\/","url":"https:\/\/boostinc.lam138.com\/wp-content\/uploads\/2025\/08\/logoTextLight.svg?wsr","contentUrl":"https:\/\/boostinc.lam138.com\/wp-content\/uploads\/2025\/08\/logoTextLight.svg?wsr","width":116,"height":21,"caption":"Boostbar"},"image":{"@id":"https:\/\/boostbar.ch\/#\/schema\/logo\/image\/"}}]}},"_links":{"self":[{"href":"https:\/\/boostinc.lam138.com\/fr\/wp-json\/wp\/v2\/pages\/2327","targetHints":{"allow":["GET"]}}],"collection":[{"href":"https:\/\/boostinc.lam138.com\/fr\/wp-json\/wp\/v2\/pages"}],"about":[{"href":"https:\/\/boostinc.lam138.com\/fr\/wp-json\/wp\/v2\/types\/page"}],"author":[{"embeddable":true,"href":"https:\/\/boostinc.lam138.com\/fr\/wp-json\/wp\/v2\/users\/2"}],"replies":[{"embeddable":true,"href":"https:\/\/boostinc.lam138.com\/fr\/wp-json\/wp\/v2\/comments?post=2327"}],"version-history":[{"count":10,"href":"https:\/\/boostinc.lam138.com\/fr\/wp-json\/wp\/v2\/pages\/2327\/revisions"}],"predecessor-version":[{"id":3391,"href":"https:\/\/boostinc.lam138.com\/fr\/wp-json\/wp\/v2\/pages\/2327\/revisions\/3391"}],"wp:attachment":[{"href":"https:\/\/boostinc.lam138.com\/fr\/wp-json\/wp\/v2\/media?parent=2327"}],"curies":[{"name":"wp","href":"https:\/\/api.w.org\/{rel}","templated":true}]}}